{"id":64,"date":"2018-01-21T19:53:13","date_gmt":"2018-01-21T18:53:13","guid":{"rendered":"http:\/\/fedelnelkul.hu\/?page_id=64"},"modified":"2024-03-14T17:04:04","modified_gmt":"2024-03-14T16:04:04","slug":"hitvallas","status":"publish","type":"page","link":"https:\/\/fedelnelkul.hu\/en\/hitvallas\/","title":{"rendered":"Our Mission"},"content":{"rendered":"<section class=\"wpb-content-wrapper\"><p>[vc_row][vc_column][vc_column_text]<\/p>\n<h1>Our mission<\/h1>\n<figure id=\"attachment_4766\" style=\"width: 440px\"  class=\"wp-caption alignright\"><img loading=\"lazy\" decoding=\"async\" class=\"wp-image-4766\" src=\"http:\/\/fedelnelkul.hu\/wp-content\/uploads\/2019\/05\/2-1hitvallas-csatesz_titok432-225x300.jpg\" alt=\"\" width=\"440\" height=\"587\" srcset=\"https:\/\/fedelnelkul.hu\/wp-content\/uploads\/2019\/05\/2-1hitvallas-csatesz_titok432-225x300.jpg 225w, https:\/\/fedelnelkul.hu\/wp-content\/uploads\/2019\/05\/2-1hitvallas-csatesz_titok432.jpg 591w\" sizes=\"auto, (max-width: 440px) 100vw, 440px\" \/><figcaption class=\"wp-caption-text\"><a href=\"http:\/\/fedelnelkul.hu\/alkoto\/csatesz\/\">Csatesz<\/a>: Titok<\/figcaption><\/figure>\n<p>&nbsp;<\/p>\n<p><strong>\u201eFed\u00e9l N\u00e9lk\u00fcl\u201d (\u201cRoofless\u201d)<\/strong> gives an opportunity for cumulatively disadvantaged people to take back control of their own lives. Our distributors buy the paper with their own money, take care of their income and improve their communication skills.<\/p>\n<p>Our streetpaper is not for free. We believe that the goods acquired with work are more valuable than the ones received for free, and money is not the only benefit for our distributors.<\/p>\n<p>The method is simple, for people with rough sleeping, or without a proper job, or who have lost their family, or are going through a difficult time financially we offer the opportunity to earn money by selling our biweekly published socio-cultural magazine. Our service is special, as we don\u2019t have any clients: all of our customers are working, so they are our colleagues too. We work together in cooperation with our homeless distributors, content creators and community workers.<\/p>\n<p>&nbsp;<\/p>\n<p style=\"text-align: left;\"><img loading=\"lazy\" decoding=\"async\" class=\"alignleft wp-image-3501\" src=\"http:\/\/fedelnelkul.hu\/wp-content\/uploads\/2019\/03\/2-1hitvallas-IMGP9484-kicsi.jpg\" alt=\"\" width=\"246\" height=\"246\" srcset=\"https:\/\/fedelnelkul.hu\/wp-content\/uploads\/2019\/03\/2-1hitvallas-IMGP9484-kicsi.jpg 566w, https:\/\/fedelnelkul.hu\/wp-content\/uploads\/2019\/03\/2-1hitvallas-IMGP9484-kicsi-150x150.jpg 150w, https:\/\/fedelnelkul.hu\/wp-content\/uploads\/2019\/03\/2-1hitvallas-IMGP9484-kicsi-300x300.jpg 300w, https:\/\/fedelnelkul.hu\/wp-content\/uploads\/2019\/03\/2-1hitvallas-IMGP9484-kicsi-100x100.jpg 100w\" sizes=\"auto, (max-width: 246px) 100vw, 246px\" \/><\/p>\n<p>Our Publisher is the <strong>\u201cMenhely Alap\u00edtv\u00e1ny\u201d (\u201cShelter Foundation\u201d)<\/strong>, an independently run organisation. The Shelter Foundation was the first organisation in Hungary that established professional Care Centres to manage and help homeless people. They were also the first to create a magazine in conjunction with homeless people, Fed\u00e9l N\u00e9lk\u00fcl.<\/p>\n<p>The Shelter Foundation&#8217;s activities cover aiding homeless people facing either short or long term homelessness. It also helps people facing homelessness in all forms: those living in institutions, in unsafe rental apartments or in work accommodation. Our publisher supports us with more then 20 years of experience, a huge set of tools and customized solutions. We believe in treating the homeless and those threatened by homelessness with dignity, to respect their independence and also to encourage them in their freedom to make their own responsible decisions.<\/p>\n<p><strong>\u201cA home for everyone!\u201d<\/strong>[\/vc_column_text][\/vc_column][\/vc_row]<\/p>\n<div class='watch-action'><div class='watch-position align-left'><div class='action-like'><a class='lbg-style1 like-64 jlk' href='javascript:void(0)' data-task='like' data-post_id='64' data-nonce='4e7ea3e6c2' rel='nofollow'><img class='wti-pixel' src='https:\/\/fedelnelkul.hu\/wp-content\/plugins\/wti-like-post\/images\/pixel.gif' title='Like' \/><span class='lc-64 lc'>0<\/span><\/a><\/div><\/div> <div class='status-64 status align-left'><\/div><\/div><div class='wti-clear'><\/div><\/section>","protected":false},"excerpt":{"rendered":"<p>[vc_row][vc_column][vc_column_text] Our mission &nbsp; \u201eFed\u00e9l N\u00e9lk\u00fcl\u201d (\u201cRoofless\u201d) gives an opportunity for cumulatively disadvantaged people to take back control of their own lives. Our distributors buy the paper with their own money, take care of their income and improve their communication skills. Our streetpaper is not for free. We believe that the goods acquired with work &hellip; <a href=\"https:\/\/fedelnelkul.hu\/en\/hitvallas\/\" class=\"more-link\">Continue reading <span class=\"screen-reader-text\">Our Mission<\/span><\/a><\/p>\n","protected":false},"author":578,"featured_media":0,"parent":0,"menu_order":0,"comment_status":"closed","ping_status":"closed","template":"","meta":{"footnotes":""},"class_list":["post-64","page","type-page","status-publish","hentry"],"_links":{"self":[{"href":"https:\/\/fedelnelkul.hu\/en\/wp-json\/wp\/v2\/pages\/64","targetHints":{"allow":["GET"]}}],"collection":[{"href":"https:\/\/fedelnelkul.hu\/en\/wp-json\/wp\/v2\/pages"}],"about":[{"href":"https:\/\/fedelnelkul.hu\/en\/wp-json\/wp\/v2\/types\/page"}],"author":[{"embeddable":true,"href":"https:\/\/fedelnelkul.hu\/en\/wp-json\/wp\/v2\/users\/578"}],"replies":[{"embeddable":true,"href":"https:\/\/fedelnelkul.hu\/en\/wp-json\/wp\/v2\/comments?post=64"}],"version-history":[{"count":25,"href":"https:\/\/fedelnelkul.hu\/en\/wp-json\/wp\/v2\/pages\/64\/revisions"}],"predecessor-version":[{"id":11578,"href":"https:\/\/fedelnelkul.hu\/en\/wp-json\/wp\/v2\/pages\/64\/revisions\/11578"}],"wp:attachment":[{"href":"https:\/\/fedelnelkul.hu\/en\/wp-json\/wp\/v2\/media?parent=64"}],"curies":[{"name":"wp","href":"https:\/\/api.w.org\/{rel}","templated":true}]}}