{"id":44,"date":"2018-01-21T18:03:11","date_gmt":"2018-01-21T18:03:11","guid":{"rendered":"http:\/\/fedelnelkul.hu\/?page_id=44"},"modified":"2026-03-03T17:58:49","modified_gmt":"2026-03-03T16:58:49","slug":"elerhetosegek","status":"publish","type":"page","link":"https:\/\/fedelnelkul.hu\/en\/elerhetosegek\/","title":{"rendered":"Contacts"},"content":{"rendered":"<section class=\"wpb-content-wrapper\"><p>[vc_row][vc_column width=&#8221;1\/2&#8243;][vc_column_text]<\/p>\n<h3 style=\"text-align: left;\"><strong>Editorial Office: Budapest, VII., K\u00fcrt u. 4.<\/strong><\/h3>\n<h3 style=\"text-align: left;\"><strong>Fed\u00e9l N\u00e9lk\u00fcl (\u201cRoofless\u201d)\u00a0<\/strong><\/h3>\n<p>&nbsp;<\/p>\n<p style=\"text-align: left;\"><strong>Address: <\/strong>1073 Budapest K\u00fcrt utca 4.<\/p>\n<p><strong>Telephone\/Fax:<\/strong>\u00a0(+36-1) 322-3423<\/p>\n<p><strong>E-mail:<\/strong>\u00a0<a href=\"mailto:fedelnelkul@fedelnelkul.hu\">fedelnelkul@fedelnelkul.hu<\/a><\/p>\n<h3 style=\"text-align: left;\"><strong>Our Coordinators:<\/strong><\/h3>\n<ul>\n<li><strong>R\u00f3bert Kepe:<\/strong> (+36) 20\/468-2617<br \/>\neditor-in-chief<\/li>\n<li><strong>Orsolya Szab\u00f3<\/strong>: (+36) 20\/314-1199<br \/>\n<em>art director<\/em><\/li>\n<li><strong>Annina Sonkoly-Domby:<\/strong>\u00a0(+36) 20\/277-5030<br \/>\n<em>coordinator<\/em><\/li>\n<\/ul>\n<p>Please contact us here: <a href=\"mailto:fedelnelkul@fedelnelkul.hu\">fedelnelkul@fedelnelkul.hu<\/a>.[\/vc_column_text][\/vc_column][vc_column width=&#8221;1\/2&#8243;][vc_column_text]<\/p>\n<p><iframe loading=\"lazy\" style=\"border: 0;\" src=\"https:\/\/www.google.com\/maps\/embed?pb=!1m18!1m12!1m3!1d2695.3854201408094!2d19.064138715570234!3d47.5018847791779!2m3!1f0!2f0!3f0!3m2!1i1024!2i768!4f13.1!3m3!1m2!1s0x4741dc6f4a6bf6a3%3A0xeefdc39d6f933a2a!2sBudapest%2C+K%C3%BCrt+u.+4%2C+1073!5e0!3m2!1shu!2shu!4v1557123015018!5m2!1shu!2shu\" width=\"600\" height=\"450\" frameborder=\"0\" allowfullscreen=\"allowfullscreen\"><\/iframe><\/p>\n<p>[\/vc_column_text][\/vc_column][\/vc_row][vc_row gap=&#8221;3&#8243;][vc_column offset=&#8221;vc_hidden-md&#8221;][vc_column_text]<\/p>\n<p>Vagy kit\u00f6ltheted az al\u00e1bbi \u0171rlapot, amit e-mail-ben kapunk meg.<\/p>\n<p>[\/vc_column_text]\n<div class=\"wpcf7 no-js\" id=\"wpcf7-f46-o1\" lang=\"hu-HU\" dir=\"ltr\" data-wpcf7-id=\"46\">\n<div class=\"screen-reader-response\"><p role=\"status\" aria-live=\"polite\" aria-atomic=\"true\"><\/p> <ul><\/ul><\/div>\n<form action=\"\/en\/wp-json\/wp\/v2\/pages\/44#wpcf7-f46-o1\" method=\"post\" class=\"wpcf7-form init\" aria-label=\"Kapcsolatfelv\u00e9teli \u0171rlap\" novalidate=\"novalidate\" data-status=\"init\">\n<div style=\"display: none;\">\n<input type=\"hidden\" name=\"_wpcf7\" value=\"46\" \/>\n<input type=\"hidden\" name=\"_wpcf7_version\" value=\"6.0.3\" \/>\n<input type=\"hidden\" name=\"_wpcf7_locale\" value=\"hu_HU\" \/>\n<input type=\"hidden\" name=\"_wpcf7_unit_tag\" value=\"wpcf7-f46-o1\" \/>\n<input type=\"hidden\" name=\"_wpcf7_container_post\" value=\"0\" \/>\n<input type=\"hidden\" name=\"_wpcf7_posted_data_hash\" value=\"\" \/>\n<input type=\"hidden\" name=\"lang\" value=\"en\" \/>\n<input type=\"hidden\" name=\"_wpcf7_recaptcha_response\" value=\"\" \/>\n<\/div>\n<p><label> N\u00e9v (k\u00f6telez\u0151)<br \/>\n<span class=\"wpcf7-form-control-wrap\" data-name=\"your-name\"><input size=\"40\" maxlength=\"400\" class=\"wpcf7-form-control wpcf7-text wpcf7-validates-as-required\" aria-required=\"true\" aria-invalid=\"false\" value=\"\" type=\"text\" name=\"your-name\" \/><\/span> <\/label>\n<\/p>\n<p><label> Email c\u00edm (k\u00f6telez\u0151)<br \/>\n<span class=\"wpcf7-form-control-wrap\" data-name=\"your-email\"><input size=\"40\" maxlength=\"400\" class=\"wpcf7-form-control wpcf7-email wpcf7-validates-as-required wpcf7-text wpcf7-validates-as-email\" aria-required=\"true\" aria-invalid=\"false\" value=\"\" type=\"email\" name=\"your-email\" \/><\/span> <\/label>\n<\/p>\n<p><label> \u00dczenet<br \/>\n<span class=\"wpcf7-form-control-wrap\" data-name=\"your-message\"><textarea cols=\"40\" rows=\"10\" maxlength=\"2000\" class=\"wpcf7-form-control wpcf7-textarea\" aria-invalid=\"false\" name=\"your-message\"><\/textarea><\/span> <\/label>\n<\/p>\n\n<p><input class=\"wpcf7-form-control wpcf7-submit has-spinner\" type=\"submit\" value=\"K\u00fcld\u00e9s\" \/>\n<\/p><div class=\"wpcf7-response-output\" aria-hidden=\"true\"><\/div>\n<\/form>\n<\/div>\n[\/vc_column][\/vc_row]<\/p>\n<div class='watch-action'><div class='watch-position align-left'><div class='action-like'><a class='lbg-style1 like-44 jlk' href='javascript:void(0)' data-task='like' data-post_id='44' data-nonce='56436f2522' rel='nofollow'><img class='wti-pixel' src='https:\/\/fedelnelkul.hu\/wp-content\/plugins\/wti-like-post\/images\/pixel.gif' title='Like' \/><span class='lc-44 lc'>0<\/span><\/a><\/div><\/div> <div class='status-44 status align-left'><\/div><\/div><div class='wti-clear'><\/div><\/section>","protected":false},"excerpt":{"rendered":"<p>[vc_row][vc_column width=&#8221;1\/2&#8243;][vc_column_text] Editorial Office: Budapest, VII., K\u00fcrt u. 4. Fed\u00e9l N\u00e9lk\u00fcl (\u201cRoofless\u201d)\u00a0 &nbsp; Address: 1073 Budapest K\u00fcrt utca 4. Telephone\/Fax:\u00a0(+36-1) 322-3423 E-mail:\u00a0fedelnelkul@fedelnelkul.hu Our Coordinators: R\u00f3bert Kepe: (+36) 20\/468-2617 editor-in-chief Orsolya Szab\u00f3: (+36) 20\/314-1199 art director Annina Sonkoly-Domby:\u00a0(+36) 20\/277-5030 coordinator Please contact us here: fedelnelkul@fedelnelkul.hu.[\/vc_column_text][\/vc_column][vc_column width=&#8221;1\/2&#8243;][vc_column_text] [\/vc_column_text][\/vc_column][\/vc_row][vc_row gap=&#8221;3&#8243;][vc_column offset=&#8221;vc_hidden-md&#8221;][vc_column_text] Vagy kit\u00f6ltheted az al\u00e1bbi \u0171rlapot, amit e-mail-ben &hellip; <a href=\"https:\/\/fedelnelkul.hu\/en\/elerhetosegek\/\" class=\"more-link\">Continue reading <span class=\"screen-reader-text\">Contacts<\/span><\/a><\/p>\n","protected":false},"author":9247,"featured_media":0,"parent":0,"menu_order":0,"comment_status":"closed","ping_status":"closed","template":"","meta":{"footnotes":""},"class_list":["post-44","page","type-page","status-publish","hentry"],"_links":{"self":[{"href":"https:\/\/fedelnelkul.hu\/en\/wp-json\/wp\/v2\/pages\/44","targetHints":{"allow":["GET"]}}],"collection":[{"href":"https:\/\/fedelnelkul.hu\/en\/wp-json\/wp\/v2\/pages"}],"about":[{"href":"https:\/\/fedelnelkul.hu\/en\/wp-json\/wp\/v2\/types\/page"}],"author":[{"embeddable":true,"href":"https:\/\/fedelnelkul.hu\/en\/wp-json\/wp\/v2\/users\/9247"}],"replies":[{"embeddable":true,"href":"https:\/\/fedelnelkul.hu\/en\/wp-json\/wp\/v2\/comments?post=44"}],"version-history":[{"count":36,"href":"https:\/\/fedelnelkul.hu\/en\/wp-json\/wp\/v2\/pages\/44\/revisions"}],"predecessor-version":[{"id":19506,"href":"https:\/\/fedelnelkul.hu\/en\/wp-json\/wp\/v2\/pages\/44\/revisions\/19506"}],"wp:attachment":[{"href":"https:\/\/fedelnelkul.hu\/en\/wp-json\/wp\/v2\/media?parent=44"}],"curies":[{"name":"wp","href":"https:\/\/api.w.org\/{rel}","templated":true}]}}