{"id":3535,"date":"2019-03-28T10:51:12","date_gmt":"2019-03-28T09:51:12","guid":{"rendered":"http:\/\/fedelnelkul.hu\/?page_id=3535"},"modified":"2024-07-05T20:36:39","modified_gmt":"2024-07-05T18:36:39","slug":"tevekenysegunk-a-szamok-tukreben","status":"publish","type":"page","link":"https:\/\/fedelnelkul.hu\/en\/tevekenysegunk-a-szamok-tukreben\/","title":{"rendered":"Tev\u00e9kenys\u00e9g\u00fcnk a sz\u00e1mok t\u00fckr\u00e9ben"},"content":{"rendered":"<h2><img loading=\"lazy\" decoding=\"async\" class=\"alignright wp-image-5530\" src=\"http:\/\/fedelnelkul.hu\/wp-content\/uploads\/2019\/05\/szamadatok-pay-4101949_150dpi.jpg\" alt=\"\" width=\"500\" height=\"333\" srcset=\"https:\/\/fedelnelkul.hu\/wp-content\/uploads\/2019\/05\/szamadatok-pay-4101949_150dpi.jpg 640w, https:\/\/fedelnelkul.hu\/wp-content\/uploads\/2019\/05\/szamadatok-pay-4101949_150dpi-300x200.jpg 300w\" sizes=\"auto, (max-width: 500px) 100vw, 500px\" \/><\/h2>\n<h2><span style=\"color: #000000;\">Tev\u00e9kenys\u00e9g\u00fcnk a sz\u00e1mok t\u00fckr\u00e9ben<\/span><\/h2>\n<p><span style=\"color: #000000;\"><strong>Fed\u00e9l N\u00e9lk\u00fcl &#8211; utcalap \u00e9s terjeszt\u0151k:<\/strong><\/span><\/p>\n<ul>\n<li><span style=\"color: #000000;\">670 <a href=\"http:\/\/fedelnelkul.hu\/lapszam-archivum\/\">lapsz\u00e1munk<\/a> jelent meg<\/span><\/li>\n<li><span style=\"color: #000000;\">6-8000 p\u00e9ld\u00e1nyban,&nbsp;k\u00e9thetente jelenik meg a lap (ez \u00e9vente kb. 200 000 p\u00e9ld\u00e1ny)<\/span><\/li>\n<li><span style=\"color: #000000;\">egy lapsz\u00e1munkat 110-130 <a href=\"http:\/\/fedelnelkul.hu\/kik-a-terjesztok\/\">terjeszt\u0151<\/a> adja el<\/span><\/li>\n<li><span style=\"color: #000000;\">16 <a href=\"http:\/\/fedelnelkul.hu\/kiemelt-terjesztoi-program\/\">Kiemelt Terjeszt\u0151nk<\/a> van (2007 \u00f3ta \u00f6sszesen: 38 f\u0151)<\/span><\/li>\n<li><span style=\"color: #000000;\">10 vid\u00e9ki v\u00e1rosban 22 terjeszt\u0151 dolgozik<\/span><\/li>\n<li><span style=\"color: #000000;\">3000-n\u00e9l t\u00f6bb emberrel dolgoztunk 26 \u00e9v alatt (1993-2019)<\/span><\/li>\n<li><span style=\"color: #000000;\">410 f\u0151 kapott legal\u00e1bb egyszer terjeszt\u0151i enged\u00e9lyt&nbsp;2018-ban<\/span><\/li>\n<\/ul>\n<p><span style=\"color: #000000;\"><strong>Alkot\u00f3m\u0171hely:<\/strong><\/span><\/p>\n<ul>\n<li><span style=\"color: #000000;\">6 k\u00f6nyvet jelentett\u00fcnk meg a <a href=\"http:\/\/fedelnelkul.hu\/fedel-nelkul-konyvek\/\">Fed\u00e9l N\u00e9lk\u00fcl Sorozat<\/a>ban<\/span><\/li>\n<li><span style=\"color: #000000;\">10 931 m\u0171vet kaptunk 416 alkot\u00f3t\u00f3l <a href=\"http:\/\/fedelnelkul.hu\/muveszeti-palyazat\/\">m\u0171v\u00e9szeti p\u00e1ly\u00e1zat<\/a>unk sor\u00e1n<\/span><\/li>\n<li><span style=\"color: #000000;\">t\u00f6bb mint 50 ki\u00e1ll\u00edt\u00e1st, <a href=\"http:\/\/fedelnelkul.hu\/rendezvenyek\/\">rendezv\u00e9nyt<\/a> szervezt\u00fcnk<\/span><\/li>\n<\/ul>\n<p><span style=\"color: #000000;\"><strong>Els\u0151 K\u00e9zb\u0151l a Hajl\u00e9ktalans\u00e1gr\u00f3l program t\u00e1mogat\u00f3jak\u00e9nt:<\/strong><\/span><\/p>\n<ul>\n<li><span style=\"color: #000000;\">250 szervezettel vett\u00fck fel a kapcsolatot 10 \u00e9v alatt<\/span><\/li>\n<li><span style=\"color: #000000;\">650 <a href=\"http:\/\/fedelnelkul.hu\/elso-kezbol-a-hajlektalansagrol\/\">programot<\/a> val\u00f3s\u00edtottunk meg<\/span><\/li>\n<li><span style=\"color: #000000;\">16 000 di\u00e1kot \u00e9s feln\u0151ttet \u00e9rt\u00fcnk el<\/span><\/li>\n<li>133 el\u0151ad\u00f3 vett r\u00e9szt programjainkon<\/li>\n<\/ul>\n<div class='watch-action'><div class='watch-position align-left'><div class='action-like'><a class='lbg-style1 like-3535 jlk' href='javascript:void(0)' data-task='like' data-post_id='3535' data-nonce='56436f2522' rel='nofollow'><img class='wti-pixel' src='https:\/\/fedelnelkul.hu\/wp-content\/plugins\/wti-like-post\/images\/pixel.gif' title='Like' \/><span class='lc-3535 lc'>0<\/span><\/a><\/div><\/div> <div class='status-3535 status align-left'><\/div><\/div><div class='wti-clear'><\/div>","protected":false},"excerpt":{"rendered":"<p>Tev\u00e9kenys\u00e9g\u00fcnk a sz\u00e1mok t\u00fckr\u00e9ben Fed\u00e9l N\u00e9lk\u00fcl &#8211; utcalap \u00e9s terjeszt\u0151k: 670 lapsz\u00e1munk jelent meg 6-8000 p\u00e9ld\u00e1nyban,&nbsp;k\u00e9thetente jelenik meg a lap (ez \u00e9vente kb. 200 000 p\u00e9ld\u00e1ny) egy lapsz\u00e1munkat 110-130 terjeszt\u0151 adja el 16 Kiemelt Terjeszt\u0151nk van (2007 \u00f3ta \u00f6sszesen: 38 f\u0151) 10 vid\u00e9ki v\u00e1rosban 22 terjeszt\u0151 dolgozik 3000-n\u00e9l t\u00f6bb emberrel dolgoztunk 26 \u00e9v alatt (1993-2019) &hellip; <a href=\"https:\/\/fedelnelkul.hu\/en\/tevekenysegunk-a-szamok-tukreben\/\" class=\"more-link\">Continue reading <span class=\"screen-reader-text\">Tev\u00e9kenys\u00e9g\u00fcnk a sz\u00e1mok t\u00fckr\u00e9ben<\/span><\/a><\/p>\n","protected":false},"author":578,"featured_media":0,"parent":0,"menu_order":0,"comment_status":"closed","ping_status":"closed","template":"","meta":{"footnotes":""},"class_list":["post-3535","page","type-page","status-publish","hentry"],"_links":{"self":[{"href":"https:\/\/fedelnelkul.hu\/en\/wp-json\/wp\/v2\/pages\/3535","targetHints":{"allow":["GET"]}}],"collection":[{"href":"https:\/\/fedelnelkul.hu\/en\/wp-json\/wp\/v2\/pages"}],"about":[{"href":"https:\/\/fedelnelkul.hu\/en\/wp-json\/wp\/v2\/types\/page"}],"author":[{"embeddable":true,"href":"https:\/\/fedelnelkul.hu\/en\/wp-json\/wp\/v2\/users\/578"}],"replies":[{"embeddable":true,"href":"https:\/\/fedelnelkul.hu\/en\/wp-json\/wp\/v2\/comments?post=3535"}],"version-history":[{"count":25,"href":"https:\/\/fedelnelkul.hu\/en\/wp-json\/wp\/v2\/pages\/3535\/revisions"}],"predecessor-version":[{"id":13477,"href":"https:\/\/fedelnelkul.hu\/en\/wp-json\/wp\/v2\/pages\/3535\/revisions\/13477"}],"wp:attachment":[{"href":"https:\/\/fedelnelkul.hu\/en\/wp-json\/wp\/v2\/media?parent=3535"}],"curies":[{"name":"wp","href":"https:\/\/api.w.org\/{rel}","templated":true}]}}