{"id":3260,"date":"2017-04-20T04:45:55","date_gmt":"2017-04-20T02:45:55","guid":{"rendered":"http:\/\/localhost\/wp\/wp-orson\/?page_id=93"},"modified":"2024-06-04T23:25:06","modified_gmt":"2024-06-04T21:25:06","slug":"home-2","status":"publish","type":"page","link":"https:\/\/fedelnelkul.hu\/en\/","title":{"rendered":"F\u0151oldal"},"content":{"rendered":"<section class=\"wpb-content-wrapper\"><p>[vc_row][vc_column]        <div class=\"article-carousel col-2-3box \" data-number=\"1\" data-table=\"1\" data-mobile = \"1\" data-mobilemin = \"1\" data-dots=\"false\" data-arrows=\"false\">\n                    <\/div>\n    \n\n\n[\/vc_column][\/vc_row][vc_row][vc_column width=&#8221;2\/3&#8243;][vc_column_text]<\/p>\n<p>[\/vc_column_text][vc_column_text]<\/p>\n<h2><span style=\"color: #ff0000;\">Fed\u00e9l N\u00e9lk\u00fcl K\u00f6nyvek Sorozat:<\/span><\/h2>\n<p>[\/vc_column_text][vc_masonry_grid post_type=&#8221;post&#8221; max_items=&#8221;4&#8243; style=&#8221;lazy&#8221; items_per_page=&#8221;4&#8243; element_width=&#8221;6&#8243; item=&#8221;basicGrid_VerticalFlip&#8221; grid_id=&#8221;vc_gid:1558252305261-e98daa48-7837-2&#8243; taxonomies=&#8221;292, 291&#8243;][\/vc_column][vc_column width=&#8221;1\/3&#8243; el_class=&#8221;sidebar&#8221;][vc_widget_sidebar sidebar_id=&#8221;blogs&#8221;][\/vc_column][\/vc_row][vc_row][vc_column][vc_column_text]<\/p>\n<h2><span style=\"color: #ff0000;\">Mi Kis Csal\u00e1dunk:<\/span><\/h2>\n<p>[\/vc_column_text][vc_basic_grid post_type=&#8221;post&#8221; max_items=&#8221;-1&#8243; style=&#8221;pagination&#8221; items_per_page=&#8221;6&#8243; item=&#8221;basicGrid_TextFirst&#8221; grid_id=&#8221;vc_gid:1558252305263-4fe30121-4cfd-5&#8243; taxonomies=&#8221;289&#8243;][\/vc_column][\/vc_row]<\/p>\n<div class='watch-action'><div class='watch-position align-left'><div class='action-like'><a class='lbg-style1 like-3260 jlk' href='javascript:void(0)' data-task='like' data-post_id='3260' data-nonce='7f18a2a549' rel='nofollow'><img class='wti-pixel' src='https:\/\/fedelnelkul.hu\/wp-content\/plugins\/wti-like-post\/images\/pixel.gif' title='Like' \/><span class='lc-3260 lc'>0<\/span><\/a><\/div><\/div> <div class='status-3260 status align-left'><\/div><\/div><div class='wti-clear'><\/div><\/section>","protected":false},"excerpt":{"rendered":"<p>[vc_row][vc_column][\/vc_column][\/vc_row][vc_row][vc_column width=&#8221;2\/3&#8243;][vc_column_text] [\/vc_column_text][vc_column_text] Fed\u00e9l N\u00e9lk\u00fcl K\u00f6nyvek Sorozat: [\/vc_column_text][vc_masonry_grid post_type=&#8221;post&#8221; max_items=&#8221;4&#8243; style=&#8221;lazy&#8221; items_per_page=&#8221;4&#8243; element_width=&#8221;6&#8243; item=&#8221;basicGrid_VerticalFlip&#8221; grid_id=&#8221;vc_gid:1558252305261-e98daa48-7837-2&#8243; taxonomies=&#8221;292, 291&#8243;][\/vc_column][vc_column width=&#8221;1\/3&#8243; el_class=&#8221;sidebar&#8221;][vc_widget_sidebar sidebar_id=&#8221;blogs&#8221;][\/vc_column][\/vc_row][vc_row][vc_column][vc_column_text] Mi Kis Csal\u00e1dunk: [\/vc_column_text][vc_basic_grid post_type=&#8221;post&#8221; max_items=&#8221;-1&#8243; style=&#8221;pagination&#8221; items_per_page=&#8221;6&#8243; item=&#8221;basicGrid_TextFirst&#8221; grid_id=&#8221;vc_gid:1558252305263-4fe30121-4cfd-5&#8243; taxonomies=&#8221;289&#8243;][\/vc_column][\/vc_row] 0<\/p>\n","protected":false},"author":9257,"featured_media":0,"parent":0,"menu_order":0,"comment_status":"closed","ping_status":"closed","template":"","meta":{"footnotes":""},"class_list":["post-3260","page","type-page","status-publish","hentry"],"_links":{"self":[{"href":"https:\/\/fedelnelkul.hu\/en\/wp-json\/wp\/v2\/pages\/3260","targetHints":{"allow":["GET"]}}],"collection":[{"href":"https:\/\/fedelnelkul.hu\/en\/wp-json\/wp\/v2\/pages"}],"about":[{"href":"https:\/\/fedelnelkul.hu\/en\/wp-json\/wp\/v2\/types\/page"}],"author":[{"embeddable":true,"href":"https:\/\/fedelnelkul.hu\/en\/wp-json\/wp\/v2\/users\/9257"}],"replies":[{"embeddable":true,"href":"https:\/\/fedelnelkul.hu\/en\/wp-json\/wp\/v2\/comments?post=3260"}],"version-history":[{"count":85,"href":"https:\/\/fedelnelkul.hu\/en\/wp-json\/wp\/v2\/pages\/3260\/revisions"}],"predecessor-version":[{"id":11111,"href":"https:\/\/fedelnelkul.hu\/en\/wp-json\/wp\/v2\/pages\/3260\/revisions\/11111"}],"wp:attachment":[{"href":"https:\/\/fedelnelkul.hu\/en\/wp-json\/wp\/v2\/media?parent=3260"}],"curies":[{"name":"wp","href":"https:\/\/api.w.org\/{rel}","templated":true}]}}