{"id":15921,"date":"2024-10-22T00:17:24","date_gmt":"2024-10-21T22:17:24","guid":{"rendered":"https:\/\/fedelnelkul.hu\/?page_id=15921"},"modified":"2024-10-22T11:39:37","modified_gmt":"2024-10-22T09:39:37","slug":"terkep-a-terjesztoinkhez","status":"publish","type":"page","link":"https:\/\/fedelnelkul.hu\/en\/terkep-a-terjesztoinkhez\/","title":{"rendered":"Google t\u00e9rk\u00e9p terjeszt\u0151inkhez"},"content":{"rendered":"<section class=\"wpb-content-wrapper\"><p>[vc_row][vc_column][vc_column_text]<\/p>\n<p>L\u00e1tt\u00e1l m\u00e1r minket odakint. Az es\u0151ben \u00e9s a h\u00f3ban. A hidegben \u00e9s a h\u0151s\u00e9gben. A k\u00f6rutakon \u00e9s az utc\u00e1kon. A v\u00e1rosban. T\u00f6rt\u00e9neteket \u00e1rulunk. Olyan t\u00f6rt\u00e9neteket, amelyeket nem t\u00fal gyakran hallani. T\u00f6rt\u00e9neteket, amelyeket napvil\u00e1gra kell hozni. Minden egyes \u00fajs\u00e1got, amit eladunk, a saj\u00e1t p\u00e9nz\u00fcnkb\u0151l vesz\u00fcnk. B\u00fcszk\u00e9n. Ezek val\u00f3di \u00fajs\u00e1gok, val\u00f3di t\u00f6rt\u00e9netekkel. F\u00fcggetlen \u00fajs\u00e1g\u00edr\u00f3k, m\u0171v\u00e9szek \u00e9s mes\u00e9l\u0151k toll\u00e1b\u00f3l. \u00c9s igen, ez munka. Egy lehet\u0151s\u00e9g arra, hogy felemelkedj\u00fcnk. A t\u00f6rt\u00e9netek erej\u00e9vel, jobb helyzetet teremthet\u00fcnk magunk \u00e9s a k\u00f6r\u00fcl\u00f6tt\u00fcnk \u00e9l\u0151 emberek sz\u00e1m\u00e1ra is. \u00c9s ez\u00e9rt kem\u00e9nyen dolgozunk. Az eg\u00e9sz v\u00e1rosban, az eg\u00e9sz orsz\u00e1gban. \u00d6sszekapcsol\u00f3dunk. Terjeszt\u0151k \u00e9s v\u00e1s\u00e1rl\u00f3k, mert \u00f6sszek\u00f6t a meggy\u0151z\u0151d\u00e9s, hogy mindannyiunknak j\u00e1r egy otthon, egy k\u00f6z\u00f6ss\u00e9g. <span style=\"font-weight: 400;\">Mert mindenki meg\u00e9rdemli a szabads\u00e1got, a m\u00e9lt\u00f3s\u00e1got \u00e9s a rem\u00e9nyt.<\/span><\/p>\n<p><span style=\"font-weight: 400;\">L\u00e1tt\u00e1l m\u00e1r minket odakint.\u00a0<\/span><span style=\"font-weight: 400;\">Olvasd a t\u00f6rt\u00e9neteinket! <\/span><span style=\"font-weight: 400;\">Vegy\u00e9l te is Fed\u00e9l N\u00e9lk\u00fclt!<\/span><\/p>\n\n<p>Keress minket!<\/p>\n<p>[\/vc_column_text][\/vc_column][\/vc_row][vc_row][vc_column][vc_gmaps link=&#8221;#E-8_JTNDaWZyYW1lJTIwc3JjJTNEJTIyaHR0cHMlM0ElMkYlMkZ3d3cuZ29vZ2xlLmNvbSUyRm1hcHMlMkZkJTJGZW1iZWQlM0ZtaWQlM0QxSTFoODFETEwxTkdxcVlSNUlPaFZLM0ZGd2V4d0VpYyUyNmVoYmMlM0QyRTMxMkYlMjIlMjB3aWR0aCUzRCUyMjY0MCUyMiUyMGhlaWdodCUzRCUyMjQ4MCUyMiUzRSUzQyUyRmlmcmFtZSUzRQ==&#8221;][\/vc_column][\/vc_row][vc_row][vc_column][vc_video link=&#8221;https:\/\/youtu.be\/XrzSowC95ig&#8221;][\/vc_column][\/vc_row]<\/p><div class='watch-action'><div class='watch-position align-left'><div class='action-like'><a class='lbg-style1 like-15921 jlk' href='javascript:void(0)' data-task='like' data-post_id='15921' data-nonce='99dc400ac3' rel='nofollow'><img class='wti-pixel' src='https:\/\/fedelnelkul.hu\/wp-content\/plugins\/wti-like-post\/images\/pixel.gif' title='Like' \/><span class='lc-15921 lc'>0<\/span><\/a><\/div><\/div> <div class='status-15921 status align-left'><\/div><\/div><div class='wti-clear'><\/div><\/section>","protected":false},"excerpt":{"rendered":"<p>[vc_row][vc_column][vc_column_text] L\u00e1tt\u00e1l m\u00e1r minket odakint. Az es\u0151ben \u00e9s a h\u00f3ban. A hidegben \u00e9s a h\u0151s\u00e9gben. A k\u00f6rutakon \u00e9s az utc\u00e1kon. A v\u00e1rosban. T\u00f6rt\u00e9neteket \u00e1rulunk. Olyan t\u00f6rt\u00e9neteket, amelyeket nem t\u00fal gyakran hallani. T\u00f6rt\u00e9neteket, amelyeket napvil\u00e1gra kell hozni. Minden egyes \u00fajs\u00e1got, amit eladunk, a saj\u00e1t p\u00e9nz\u00fcnkb\u0151l vesz\u00fcnk. B\u00fcszk\u00e9n. Ezek val\u00f3di \u00fajs\u00e1gok, val\u00f3di t\u00f6rt\u00e9netekkel. F\u00fcggetlen \u00fajs\u00e1g\u00edr\u00f3k, m\u0171v\u00e9szek \u00e9s &hellip; <a href=\"https:\/\/fedelnelkul.hu\/en\/terkep-a-terjesztoinkhez\/\" class=\"more-link\">Continue reading <span class=\"screen-reader-text\">Google t\u00e9rk\u00e9p terjeszt\u0151inkhez<\/span><\/a><\/p>\n","protected":false},"author":9257,"featured_media":0,"parent":0,"menu_order":0,"comment_status":"closed","ping_status":"closed","template":"","meta":{"footnotes":""},"class_list":["post-15921","page","type-page","status-publish","hentry"],"_links":{"self":[{"href":"https:\/\/fedelnelkul.hu\/en\/wp-json\/wp\/v2\/pages\/15921","targetHints":{"allow":["GET"]}}],"collection":[{"href":"https:\/\/fedelnelkul.hu\/en\/wp-json\/wp\/v2\/pages"}],"about":[{"href":"https:\/\/fedelnelkul.hu\/en\/wp-json\/wp\/v2\/types\/page"}],"author":[{"embeddable":true,"href":"https:\/\/fedelnelkul.hu\/en\/wp-json\/wp\/v2\/users\/9257"}],"replies":[{"embeddable":true,"href":"https:\/\/fedelnelkul.hu\/en\/wp-json\/wp\/v2\/comments?post=15921"}],"version-history":[{"count":11,"href":"https:\/\/fedelnelkul.hu\/en\/wp-json\/wp\/v2\/pages\/15921\/revisions"}],"predecessor-version":[{"id":15933,"href":"https:\/\/fedelnelkul.hu\/en\/wp-json\/wp\/v2\/pages\/15921\/revisions\/15933"}],"wp:attachment":[{"href":"https:\/\/fedelnelkul.hu\/en\/wp-json\/wp\/v2\/media?parent=15921"}],"curies":[{"name":"wp","href":"https:\/\/api.w.org\/{rel}","templated":true}]}}