{"id":11280,"date":"2023-04-19T15:09:39","date_gmt":"2023-04-19T13:09:39","guid":{"rendered":"https:\/\/fedelnelkul.hu\/?page_id=11280"},"modified":"2024-05-08T00:05:39","modified_gmt":"2024-05-07T22:05:39","slug":"hirdetes","status":"publish","type":"page","link":"https:\/\/fedelnelkul.hu\/en\/hirdetes\/","title":{"rendered":"Hirdet\u00e9s"},"content":{"rendered":"\n<p>Lapunkban lehet\u0151s\u00e9g van hirdet\u00e9sek elhelyez\u00e9s\u00e9re. A megjelen\u00e9sek d\u00e1tumai \u00e9s a hirdet\u00e9sek lead\u00e1s\u00e1nak hat\u00e1ridejei az al\u00e1bbi \u00e1br\u00e1kon l\u00e1that\u00f3ak.<\/p>\n\n\n\n<p>Tov\u00e1bbi inform\u00e1ci\u00f3\u00e9rt keresse <strong>Sonkoly-Domby Annin\u00e1t<\/strong> a <strong>fedelnelkul@fedelnelkul.hu<\/strong> e-mail c\u00edmen, vagy a <strong>+36 20 277 5030<\/strong>-as telefonsz\u00e1mon.<\/p>\n\n\n\n<div class=\"wp-block-columns is-layout-flex wp-container-core-columns-is-layout-1 wp-block-columns-is-layout-flex\">\n<div class=\"wp-block-column is-layout-flow wp-block-column-is-layout-flow\">\n<div class=\"wp-block-file\"><a id=\"wp-block-file--media-622bbd85-3fca-4096-833d-b78258a7c907\" href=\"blob:https:\/\/fedelnelkul.hu\/2c4875d1-dbf6-4fbf-9856-d4b6b857062a\">Lapz\u00e1rt\u00e1k 2024<\/a><a href=\"blob:https:\/\/fedelnelkul.hu\/2c4875d1-dbf6-4fbf-9856-d4b6b857062a\" class=\"wp-block-file__button\" download aria-describedby=\"wp-block-file--media-622bbd85-3fca-4096-833d-b78258a7c907\">Let\u00f6lt\u00e9s<\/a><\/div>\n<\/div>\n\n\n\n<div class=\"wp-block-column is-layout-flow wp-block-column-is-layout-flow\">\n<div class=\"wp-block-file\"><a id=\"wp-block-file--media-f48c8d0d-5ca9-479a-8d54-1ded54c79b34\" href=\"blob:https:\/\/fedelnelkul.hu\/5f6ad683-8882-43e0-8ef3-50f7db70375c\">Tarif\u00e1k 2024<\/a><a href=\"blob:https:\/\/fedelnelkul.hu\/5f6ad683-8882-43e0-8ef3-50f7db70375c\" class=\"wp-block-file__button\" download aria-describedby=\"wp-block-file--media-f48c8d0d-5ca9-479a-8d54-1ded54c79b34\">Let\u00f6lt\u00e9s<\/a><\/div>\n<\/div>\n<\/div>\n\n\n\n<div class=\"wp-block-columns is-layout-flex wp-container-core-columns-is-layout-2 wp-block-columns-is-layout-flex\">\n<div class=\"wp-block-column is-layout-flow wp-block-column-is-layout-flow\">\n<figure class=\"wp-block-image size-full\"><img loading=\"lazy\" decoding=\"async\" width=\"355\" height=\"768\" src=\"https:\/\/fedelnelkul.hu\/wp-content\/uploads\/2024\/05\/FN_lapzartak_2024.jpg\" alt=\"\" class=\"wp-image-11914\" srcset=\"https:\/\/fedelnelkul.hu\/wp-content\/uploads\/2024\/05\/FN_lapzartak_2024.jpg 355w, https:\/\/fedelnelkul.hu\/wp-content\/uploads\/2024\/05\/FN_lapzartak_2024-139x300.jpg 139w\" sizes=\"auto, (max-width: 355px) 100vw, 355px\" \/><\/figure>\n<\/div>\n\n\n\n<div class=\"wp-block-column is-layout-flow wp-block-column-is-layout-flow\">\n<figure class=\"wp-block-image size-full\"><img loading=\"lazy\" decoding=\"async\" width=\"419\" height=\"264\" src=\"https:\/\/fedelnelkul.hu\/wp-content\/uploads\/2023\/04\/tarifak_kep.png\" alt=\"\" class=\"wp-image-11292\" srcset=\"https:\/\/fedelnelkul.hu\/wp-content\/uploads\/2023\/04\/tarifak_kep.png 419w, https:\/\/fedelnelkul.hu\/wp-content\/uploads\/2023\/04\/tarifak_kep-300x189.png 300w\" sizes=\"auto, (max-width: 419px) 100vw, 419px\" \/><\/figure>\n<\/div>\n<\/div>\n<div class='watch-action'><div class='watch-position align-left'><div class='action-like'><a class='lbg-style1 like-11280 jlk' href='javascript:void(0)' data-task='like' data-post_id='11280' data-nonce='56436f2522' rel='nofollow'><img class='wti-pixel' src='https:\/\/fedelnelkul.hu\/wp-content\/plugins\/wti-like-post\/images\/pixel.gif' title='Like' \/><span class='lc-11280 lc'>0<\/span><\/a><\/div><\/div> <div class='status-11280 status align-left'><\/div><\/div><div class='wti-clear'><\/div>","protected":false},"excerpt":{"rendered":"<p>Lapunkban lehet\u0151s\u00e9g van hirdet\u00e9sek elhelyez\u00e9s\u00e9re. A megjelen\u00e9sek d\u00e1tumai \u00e9s a hirdet\u00e9sek lead\u00e1s\u00e1nak hat\u00e1ridejei az al\u00e1bbi \u00e1br\u00e1kon l\u00e1that\u00f3ak. Tov\u00e1bbi inform\u00e1ci\u00f3\u00e9rt keresse Sonkoly-Domby Annin\u00e1t a fedelnelkul@fedelnelkul.hu e-mail c\u00edmen, vagy a +36 20 277 5030-as telefonsz\u00e1mon. 0<\/p>\n","protected":false},"author":9247,"featured_media":0,"parent":0,"menu_order":3,"comment_status":"closed","ping_status":"closed","template":"","meta":{"footnotes":""},"class_list":["post-11280","page","type-page","status-publish","hentry"],"_links":{"self":[{"href":"https:\/\/fedelnelkul.hu\/en\/wp-json\/wp\/v2\/pages\/11280","targetHints":{"allow":["GET"]}}],"collection":[{"href":"https:\/\/fedelnelkul.hu\/en\/wp-json\/wp\/v2\/pages"}],"about":[{"href":"https:\/\/fedelnelkul.hu\/en\/wp-json\/wp\/v2\/types\/page"}],"author":[{"embeddable":true,"href":"https:\/\/fedelnelkul.hu\/en\/wp-json\/wp\/v2\/users\/9247"}],"replies":[{"embeddable":true,"href":"https:\/\/fedelnelkul.hu\/en\/wp-json\/wp\/v2\/comments?post=11280"}],"version-history":[{"count":9,"href":"https:\/\/fedelnelkul.hu\/en\/wp-json\/wp\/v2\/pages\/11280\/revisions"}],"predecessor-version":[{"id":11917,"href":"https:\/\/fedelnelkul.hu\/en\/wp-json\/wp\/v2\/pages\/11280\/revisions\/11917"}],"wp:attachment":[{"href":"https:\/\/fedelnelkul.hu\/en\/wp-json\/wp\/v2\/media?parent=11280"}],"curies":[{"name":"wp","href":"https:\/\/api.w.org\/{rel}","templated":true}]}}